{"id":10,"date":"2019-01-02T15:53:22","date_gmt":"2019-01-02T14:53:22","guid":{"rendered":"https:\/\/www.it-duda.com\/?page_id=10"},"modified":"2022-06-24T14:56:20","modified_gmt":"2022-06-24T12:56:20","slug":"ueber-mich","status":"publish","type":"page","link":"https:\/\/www.it-duda.com\/?page_id=10","title":{"rendered":"\u00dcber uns"},"content":{"rendered":"<p>Wir haben es uns seit der Gr\u00fcndung 1995 zum Ziel gesetzt, mittelst\u00e4ndischen Firmen mit Beratungsleistungen und IT-Dienstleistungen zur Seite zu stehen. Als verl\u00e4sslicher Partner konnten wir dieser Zielsetzung durch innovative, kostensensitive Problem-L\u00f6sungen in regionalen, nationalen und internationalen Projekten nachkommen. In enger Kooperation unterst\u00fctzen wir unsere Kunden dabei die eigene Produktivit\u00e4t und Flexibilit\u00e4t zu steigern, um sich erfolgreicher den permanent wandelnden Marktanforderungen zu stellen.<\/p>\r\n<p>Bisherige Projekte f\u00fchrten von einem regionalen Erlebnispark \u00fcber internationale Projekte in Doha\/Katar und Dornbirn\/\u00d6sterreich bis nach Mostar\/Bosnien-Herzegowina. VPN-LAN-Kopplungen zwischen Japan, USA sowie einer deutschen Niederlassung inklusive automatisiertem Echtzeit Datenaustausch, VLAN-Migrationen von Abteilungen, Virtualisierungen unter VMware oder Microsoft Hyper-V sowie ausfallsichere Exchange L\u00f6sungen und Ransomware-abgesicherte Datensicherungen stellen nur einen Teilbereich unseres Erfahrungsschatzes dar.<\/p>\r\n<p>Um unseren Anspr\u00fcchen an ad\u00e4quater Reaktionszeit gerecht werden zu k\u00f6nnen, sind wir vorwiegend regional auf das Gebiet Stuttgart &#8211; Heilbronn &#8211; Rastatt fokussiert, in Einzelf\u00e4llen sowie projektbezogen auch weiter. Beratungs- und Dienstleistungen ohne zeitliche Anspr\u00fcche bieten wir gerne \u00fcber diesen Bereich hinweg an.<\/p>\r\n<p>Wenn Sie mehr \u00fcber uns wissen wollen, so bin ich in einem pers\u00f6nlichen Gespr\u00e4ch gerne bereit Antworten auf Ihre Fragen zu finden.<\/p>\r\n<p>Ihr Christian Duda<\/p>\r\n<p><img loading=\"lazy\" decoding=\"async\" class=\"alignnone wp-image-127 size-full\" src=\"https:\/\/www.it-duda.com\/wp-content\/uploads\/2019\/01\/115_0003-2-e1546644802241.jpg\" alt=\"\" width=\"75\" height=\"92\" \/><\/p>\r\n\r\n<p>&nbsp;<\/p>\r\n","protected":false},"excerpt":{"rendered":"<p>Wir haben es uns seit der Gr\u00fcndung 1995 zum Ziel gesetzt, mittelst\u00e4ndischen Firmen mit Beratungsleistungen und IT-Dienstleistungen zur Seite zu stehen. Als verl\u00e4sslicher Partner konnten wir dieser Zielsetzung durch innovative, kostensensitive Problem-L\u00f6sungen in regionalen, nationalen und internationalen Projekten nachkommen. In enger Kooperation unterst\u00fctzen wir unsere Kunden dabei die eigene Produktivit\u00e4t und Flexibilit\u00e4t zu steigern, um &hellip; <\/p>\n<p class=\"link-more\"><a href=\"https:\/\/www.it-duda.com\/?page_id=10\" class=\"more-link\"><span class=\"screen-reader-text\">\u201e\u00dcber uns\u201c<\/span> weiterlesen<\/a><\/p>\n","protected":false},"author":1,"featured_media":106,"parent":0,"menu_order":0,"comment_status":"closed","ping_status":"closed","template":"","meta":{"footnotes":""},"class_list":["post-10","page","type-page","status-publish","has-post-thumbnail","hentry"],"yoast_head":"<!-- This site is optimized with the Yoast SEO plugin v27.5 - https:\/\/yoast.com\/product\/yoast-seo-wordpress\/ -->\n<title>\u00dcber uns - duda IT-consulting &amp; systems<\/title>\n<meta name=\"robots\" content=\"index, follow, max-snippet:-1, max-image-preview:large, max-video-preview:-1\" \/>\n<link rel=\"canonical\" href=\"https:\/\/www.it-duda.com\/?page_id=10\" \/>\n<meta property=\"og:locale\" content=\"de_DE\" \/>\n<meta property=\"og:type\" content=\"article\" \/>\n<meta property=\"og:title\" content=\"\u00dcber uns - duda IT-consulting &amp; systems\" \/>\n<meta property=\"og:description\" content=\"Wir haben es uns seit der Gr\u00fcndung 1995 zum Ziel gesetzt, mittelst\u00e4ndischen Firmen mit Beratungsleistungen und IT-Dienstleistungen zur Seite zu stehen. Als verl\u00e4sslicher Partner konnten wir dieser Zielsetzung durch innovative, kostensensitive Problem-L\u00f6sungen in regionalen, nationalen und internationalen Projekten nachkommen. In enger Kooperation unterst\u00fctzen wir unsere Kunden dabei die eigene Produktivit\u00e4t und Flexibilit\u00e4t zu steigern, um &hellip; \u201e\u00dcber uns\u201c weiterlesen\" \/>\n<meta property=\"og:url\" content=\"https:\/\/www.it-duda.com\/?page_id=10\" \/>\n<meta property=\"og:site_name\" content=\"duda IT-consulting &amp; systems\" \/>\n<meta property=\"article:modified_time\" content=\"2022-06-24T12:56:20+00:00\" \/>\n<meta property=\"og:image\" content=\"https:\/\/www.it-duda.com\/wp-content\/uploads\/2019\/01\/DB7A2095xy3.jpg\" \/>\n\t<meta property=\"og:image:width\" content=\"4169\" \/>\n\t<meta property=\"og:image:height\" content=\"3635\" \/>\n\t<meta property=\"og:image:type\" content=\"image\/jpeg\" \/>\n<meta name=\"twitter:card\" content=\"summary_large_image\" \/>\n<meta name=\"twitter:label1\" content=\"Gesch\u00e4tzte Lesezeit\" \/>\n\t<meta name=\"twitter:data1\" content=\"1\u00a0Minute\" \/>\n<script type=\"application\/ld+json\" class=\"yoast-schema-graph\">{\"@context\":\"https:\\\/\\\/schema.org\",\"@graph\":[{\"@type\":\"WebPage\",\"@id\":\"https:\\\/\\\/www.it-duda.com\\\/?page_id=10\",\"url\":\"https:\\\/\\\/www.it-duda.com\\\/?page_id=10\",\"name\":\"\u00dcber uns - duda IT-consulting &amp; systems\",\"isPartOf\":{\"@id\":\"https:\\\/\\\/www.it-duda.com\\\/#website\"},\"primaryImageOfPage\":{\"@id\":\"https:\\\/\\\/www.it-duda.com\\\/?page_id=10#primaryimage\"},\"image\":{\"@id\":\"https:\\\/\\\/www.it-duda.com\\\/?page_id=10#primaryimage\"},\"thumbnailUrl\":\"https:\\\/\\\/www.it-duda.com\\\/wp-content\\\/uploads\\\/2019\\\/01\\\/DB7A2095xy3.jpg\",\"datePublished\":\"2019-01-02T14:53:22+00:00\",\"dateModified\":\"2022-06-24T12:56:20+00:00\",\"breadcrumb\":{\"@id\":\"https:\\\/\\\/www.it-duda.com\\\/?page_id=10#breadcrumb\"},\"inLanguage\":\"de\",\"potentialAction\":[{\"@type\":\"ReadAction\",\"target\":[\"https:\\\/\\\/www.it-duda.com\\\/?page_id=10\"]}]},{\"@type\":\"ImageObject\",\"inLanguage\":\"de\",\"@id\":\"https:\\\/\\\/www.it-duda.com\\\/?page_id=10#primaryimage\",\"url\":\"https:\\\/\\\/www.it-duda.com\\\/wp-content\\\/uploads\\\/2019\\\/01\\\/DB7A2095xy3.jpg\",\"contentUrl\":\"https:\\\/\\\/www.it-duda.com\\\/wp-content\\\/uploads\\\/2019\\\/01\\\/DB7A2095xy3.jpg\",\"width\":4169,\"height\":3635},{\"@type\":\"BreadcrumbList\",\"@id\":\"https:\\\/\\\/www.it-duda.com\\\/?page_id=10#breadcrumb\",\"itemListElement\":[{\"@type\":\"ListItem\",\"position\":1,\"name\":\"Startseite\",\"item\":\"https:\\\/\\\/www.it-duda.com\\\/\"},{\"@type\":\"ListItem\",\"position\":2,\"name\":\"\u00dcber uns\"}]},{\"@type\":\"WebSite\",\"@id\":\"https:\\\/\\\/www.it-duda.com\\\/#website\",\"url\":\"https:\\\/\\\/www.it-duda.com\\\/\",\"name\":\"duda IT-consulting &amp; systems\",\"description\":\"Partnerschaft von der Idee \u00fcber die Umsetzung bis hin zur t\u00e4glichen Betreuung\",\"potentialAction\":[{\"@type\":\"SearchAction\",\"target\":{\"@type\":\"EntryPoint\",\"urlTemplate\":\"https:\\\/\\\/www.it-duda.com\\\/?s={search_term_string}\"},\"query-input\":{\"@type\":\"PropertyValueSpecification\",\"valueRequired\":true,\"valueName\":\"search_term_string\"}}],\"inLanguage\":\"de\"}]}<\/script>\n<!-- \/ Yoast SEO plugin. -->","yoast_head_json":{"title":"\u00dcber uns - duda IT-consulting &amp; systems","robots":{"index":"index","follow":"follow","max-snippet":"max-snippet:-1","max-image-preview":"max-image-preview:large","max-video-preview":"max-video-preview:-1"},"canonical":"https:\/\/www.it-duda.com\/?page_id=10","og_locale":"de_DE","og_type":"article","og_title":"\u00dcber uns - duda IT-consulting &amp; systems","og_description":"Wir haben es uns seit der Gr\u00fcndung 1995 zum Ziel gesetzt, mittelst\u00e4ndischen Firmen mit Beratungsleistungen und IT-Dienstleistungen zur Seite zu stehen. Als verl\u00e4sslicher Partner konnten wir dieser Zielsetzung durch innovative, kostensensitive Problem-L\u00f6sungen in regionalen, nationalen und internationalen Projekten nachkommen. In enger Kooperation unterst\u00fctzen wir unsere Kunden dabei die eigene Produktivit\u00e4t und Flexibilit\u00e4t zu steigern, um &hellip; \u201e\u00dcber uns\u201c weiterlesen","og_url":"https:\/\/www.it-duda.com\/?page_id=10","og_site_name":"duda IT-consulting &amp; systems","article_modified_time":"2022-06-24T12:56:20+00:00","og_image":[{"width":4169,"height":3635,"url":"https:\/\/www.it-duda.com\/wp-content\/uploads\/2019\/01\/DB7A2095xy3.jpg","type":"image\/jpeg"}],"twitter_card":"summary_large_image","twitter_misc":{"Gesch\u00e4tzte Lesezeit":"1\u00a0Minute"},"schema":{"@context":"https:\/\/schema.org","@graph":[{"@type":"WebPage","@id":"https:\/\/www.it-duda.com\/?page_id=10","url":"https:\/\/www.it-duda.com\/?page_id=10","name":"\u00dcber uns - duda IT-consulting &amp; systems","isPartOf":{"@id":"https:\/\/www.it-duda.com\/#website"},"primaryImageOfPage":{"@id":"https:\/\/www.it-duda.com\/?page_id=10#primaryimage"},"image":{"@id":"https:\/\/www.it-duda.com\/?page_id=10#primaryimage"},"thumbnailUrl":"https:\/\/www.it-duda.com\/wp-content\/uploads\/2019\/01\/DB7A2095xy3.jpg","datePublished":"2019-01-02T14:53:22+00:00","dateModified":"2022-06-24T12:56:20+00:00","breadcrumb":{"@id":"https:\/\/www.it-duda.com\/?page_id=10#breadcrumb"},"inLanguage":"de","potentialAction":[{"@type":"ReadAction","target":["https:\/\/www.it-duda.com\/?page_id=10"]}]},{"@type":"ImageObject","inLanguage":"de","@id":"https:\/\/www.it-duda.com\/?page_id=10#primaryimage","url":"https:\/\/www.it-duda.com\/wp-content\/uploads\/2019\/01\/DB7A2095xy3.jpg","contentUrl":"https:\/\/www.it-duda.com\/wp-content\/uploads\/2019\/01\/DB7A2095xy3.jpg","width":4169,"height":3635},{"@type":"BreadcrumbList","@id":"https:\/\/www.it-duda.com\/?page_id=10#breadcrumb","itemListElement":[{"@type":"ListItem","position":1,"name":"Startseite","item":"https:\/\/www.it-duda.com\/"},{"@type":"ListItem","position":2,"name":"\u00dcber uns"}]},{"@type":"WebSite","@id":"https:\/\/www.it-duda.com\/#website","url":"https:\/\/www.it-duda.com\/","name":"duda IT-consulting &amp; systems","description":"Partnerschaft von der Idee \u00fcber die Umsetzung bis hin zur t\u00e4glichen Betreuung","potentialAction":[{"@type":"SearchAction","target":{"@type":"EntryPoint","urlTemplate":"https:\/\/www.it-duda.com\/?s={search_term_string}"},"query-input":{"@type":"PropertyValueSpecification","valueRequired":true,"valueName":"search_term_string"}}],"inLanguage":"de"}]}},"_links":{"self":[{"href":"https:\/\/www.it-duda.com\/index.php?rest_route=\/wp\/v2\/pages\/10","targetHints":{"allow":["GET"]}}],"collection":[{"href":"https:\/\/www.it-duda.com\/index.php?rest_route=\/wp\/v2\/pages"}],"about":[{"href":"https:\/\/www.it-duda.com\/index.php?rest_route=\/wp\/v2\/types\/page"}],"author":[{"embeddable":true,"href":"https:\/\/www.it-duda.com\/index.php?rest_route=\/wp\/v2\/users\/1"}],"replies":[{"embeddable":true,"href":"https:\/\/www.it-duda.com\/index.php?rest_route=%2Fwp%2Fv2%2Fcomments&post=10"}],"version-history":[{"count":15,"href":"https:\/\/www.it-duda.com\/index.php?rest_route=\/wp\/v2\/pages\/10\/revisions"}],"predecessor-version":[{"id":1262,"href":"https:\/\/www.it-duda.com\/index.php?rest_route=\/wp\/v2\/pages\/10\/revisions\/1262"}],"wp:featuredmedia":[{"embeddable":true,"href":"https:\/\/www.it-duda.com\/index.php?rest_route=\/wp\/v2\/media\/106"}],"wp:attachment":[{"href":"https:\/\/www.it-duda.com\/index.php?rest_route=%2Fwp%2Fv2%2Fmedia&parent=10"}],"curies":[{"name":"wp","href":"https:\/\/api.w.org\/{rel}","templated":true}]}}