{"id":17,"date":"2019-01-02T15:53:22","date_gmt":"2019-01-02T14:53:22","guid":{"rendered":"https:\/\/www.it-duda.com\/?page_id=17"},"modified":"2019-01-13T19:46:54","modified_gmt":"2019-01-13T18:46:54","slug":"datenschutz","status":"publish","type":"page","link":"https:\/\/www.it-duda.com\/?page_id=17","title":{"rendered":"Datenschutz"},"content":{"rendered":"\r\n<p>Die Betreiber dieser Seiten nehmen den Schutz Ihrer pers\u00f6nlichen Daten sehr ernst. Wir behandeln Ihre personenbezogenen Daten vertraulich und entsprechend der gesetzlichen Datenschutzvorschriften sowie dieser Datenschutzerkl\u00e4rung.<\/p>\r\n\r\n\r\n\r\n<p>Die Nutzung unserer Webseite ist in der Regel ohne Angabe personenbezogener Daten m\u00f6glich. Soweit auf unseren Seiten personenbezogene Daten (beispielsweise Name, Anschrift oder E-Mail-Adressen) erhoben werden, erfolgt dies, soweit m\u00f6glich, stets auf freiwilliger Basis. Diese Daten werden ohne Ihre ausdr\u00fcckliche Zustimmung nicht an Dritte weitergegeben.<\/p>\r\n\r\n\r\n\r\n<p>Wir weisen darauf hin, dass die Daten\u00fcbertragung im Internet (z.B. bei der Kommunikation per E-Mail) Sicherheitsl\u00fccken aufweisen kann. Ein l\u00fcckenloser Schutz der Daten vor dem Zugriff durch Dritte ist nicht m\u00f6glich.<\/p>\r\n\r\n\r\n\r\n<p><strong>Auskunft, L\u00f6schung, Sperrung<\/strong><\/p>\r\n\r\n\r\n\r\n<p>Sie haben jederzeit das Recht auf unentgeltliche Auskunft \u00fcber Ihre gespeicherten personenbezogenen Daten, deren Herkunft und Empf\u00e4nger und den Zweck der Datenverarbeitung sowie ein Recht auf Berichtigung, Sperrung oder L\u00f6schung dieser Daten. Hierzu sowie zu weiteren Fragen zum Thema personenbezogene Daten k\u00f6nnen Sie sich jederzeit unter der im Impressum angegebenen Adresse an uns wenden.<\/p>\r\n\r\n\r\n\r\n<p><strong>Server-Log-Files<\/strong><\/p>\r\n\r\n\r\n\r\n<p>Der Provider der Seiten erhebt und speichert automatisch Informationen in so genannten Server-Log Files, die Ihr Browser automatisch an uns \u00fcbermittelt. Dies sind:<\/p>\r\n\r\n\r\n\r\n<ul class=\"wp-block-list\">\r\n<li>Browsertyp\/ Browserversion<\/li>\r\n<li>verwendetes Betriebssystem<\/li>\r\n<li>Referrer URL<\/li>\r\n<li>Hostname des zugreifenden Rechners<\/li>\r\n<li>Uhrzeit der Serveranfrage<\/li>\r\n<\/ul>\r\n\r\n\r\n\r\n<p><br \/>Diese Daten sind nicht bestimmten Personen zuordenbar. Eine Zusammenf\u00fchrung dieser Daten mit anderen Datenquellen wird nicht vorgenommen. Wir behalten uns vor, diese Daten nachtr\u00e4glich zu pr\u00fcfen, wenn uns konkrete Anhaltspunkte f\u00fcr eine rechtswidrige Nutzung bekannt werden.<\/p>\r\n\r\n\r\n\r\n<p><strong>Cookies<\/strong><\/p>\r\n\r\n\r\n\r\n<p>Wir platzieren \u00fcber unsere Webseite keine Cookies und werten auch keine Cookies aus.<\/p>\r\n\r\n\r\n\r\n<p>Sie k\u00f6nnen Ihren Browser so einstellen, dass Sie \u00fcber das Setzen von Cookies informiert werden und Cookies nur im Einzelfall erlauben, die Annahme von Cookies f\u00fcr bestimmte F\u00e4lle oder generell ausschlie\u00dfen sowie das automatische L\u00f6schen der Cookies beim Schlie\u00dfen des Browser aktivieren. Bei der Deaktivierung von Cookies kann die Funktionalit\u00e4t dieser Website eingeschr\u00e4nkt sein.<\/p>\r\n\r\n\r\n\r\n<p><strong>Kontakt \/ eMail<\/strong><\/p>\r\n\r\n\r\n\r\n<p>Wenn Sie uns per eMail Anfragen zukommen lassen, stimmen Sie der elektronischen Speicherung Ihrer Daten in unserem Haus zu. Diese Daten geben wir nicht ohne Ihre Einwilligung weiter. Sollte keine Gesch\u00e4ftsbeziehung zustande kommen, so werden wir diese Daten umgehend wieder l\u00f6schen.<\/p>\r\n\r\n\r\n\r\n<p><strong>Umgang mit personenbezogenen Daten<\/strong><\/p>\r\n\r\n\r\n\r\n<p>Der Websitebetreiber erhebt \u00fcber die unter \u201aServer Log-Files\u2018 angegebenen Daten keinerlei zus\u00e4tzliche personenbezogene Daten. Als personenbezogene Daten gelten s\u00e4mtliche Informationen, welche dazu dienen, Ihre Person zu bestimmen und welche zu Ihnen zur\u00fcckverfolgt werden k\u00f6nnen \u2013 also beispielsweise Ihr Name, Ihre E-Mail-Adresse und Telefonnummer.<\/p>\r\n\r\n\r\n\r\n<p><strong>Widerspruch Werbe-Mails<\/strong><\/p>\r\n\r\n\r\n\r\n<p>Hiermit wird der Nutzung von im Rahmen der Impressumspflicht ver\u00f6ffentlichten Kontaktdaten zur \u00dcbersendung von nicht ausdr\u00fccklich angeforderter Werbung und Informationsmaterialien widersprochen. Die Betreiber der Seiten behalten sich ausdr\u00fccklich rechtliche Schritte im Falle der unverlangten Zusendung von Werbeinformationen, etwa durch Spam-E-Mails, vor.<br \/><br \/><\/p>\r\n\r\n\r\n\r\n<p><strong>Social-Media-Plugins \/ Google Analytics \/ Plugins<\/strong><br \/>Diese Website nutzt weder Social-Media-Plugins noch Google Analytics.<br \/><br \/>Anbieter:\u00a0 <br \/>Sophos Technology GmbH, Amalienbadstr. 41\/ Bau 52, 76227 Karlsruhe<br \/>Datenschutzerkl\u00e4rung: \u00a0<br \/>https:\/\/www.sophos.com\/de-de\/legal\/sophos-group-privacy-policy.aspx<br \/><br \/>Anbieter:<br \/>TeamViewer GmbH, Jahnstr. 30, 73037 G\u00f6ppingen<br \/>Datenschutzerkl\u00e4rung:<br \/>https:\/\/www.teamviewer.com\/de\/datenschutzerklaerung\/<br \/><br \/><\/p>\r\n","protected":false},"excerpt":{"rendered":"<p>Die Betreiber dieser Seiten nehmen den Schutz Ihrer pers\u00f6nlichen Daten sehr ernst. Wir behandeln Ihre personenbezogenen Daten vertraulich und entsprechend der gesetzlichen Datenschutzvorschriften sowie dieser Datenschutzerkl\u00e4rung. Die Nutzung unserer Webseite ist in der Regel ohne Angabe personenbezogener Daten m\u00f6glich. Soweit auf unseren Seiten personenbezogene Daten (beispielsweise Name, Anschrift oder E-Mail-Adressen) erhoben werden, erfolgt dies, soweit &hellip; <\/p>\n<p class=\"link-more\"><a href=\"https:\/\/www.it-duda.com\/?page_id=17\" class=\"more-link\"><span class=\"screen-reader-text\">\u201eDatenschutz\u201c<\/span> weiterlesen<\/a><\/p>\n","protected":false},"author":1,"featured_media":0,"parent":0,"menu_order":0,"comment_status":"closed","ping_status":"closed","template":"","meta":{"footnotes":""},"class_list":["post-17","page","type-page","status-publish","hentry"],"yoast_head":"<!-- This site is optimized with the Yoast SEO plugin v27.5 - https:\/\/yoast.com\/product\/yoast-seo-wordpress\/ -->\n<title>Datenschutz - duda IT-consulting &amp; systems<\/title>\n<meta name=\"robots\" content=\"index, follow, max-snippet:-1, max-image-preview:large, max-video-preview:-1\" \/>\n<link rel=\"canonical\" href=\"https:\/\/www.it-duda.com\/?page_id=17\" \/>\n<meta property=\"og:locale\" content=\"de_DE\" \/>\n<meta property=\"og:type\" content=\"article\" \/>\n<meta property=\"og:title\" content=\"Datenschutz - duda IT-consulting &amp; systems\" \/>\n<meta property=\"og:description\" content=\"Die Betreiber dieser Seiten nehmen den Schutz Ihrer pers\u00f6nlichen Daten sehr ernst. Wir behandeln Ihre personenbezogenen Daten vertraulich und entsprechend der gesetzlichen Datenschutzvorschriften sowie dieser Datenschutzerkl\u00e4rung. Die Nutzung unserer Webseite ist in der Regel ohne Angabe personenbezogener Daten m\u00f6glich. Soweit auf unseren Seiten personenbezogene Daten (beispielsweise Name, Anschrift oder E-Mail-Adressen) erhoben werden, erfolgt dies, soweit &hellip; \u201eDatenschutz\u201c weiterlesen\" \/>\n<meta property=\"og:url\" content=\"https:\/\/www.it-duda.com\/?page_id=17\" \/>\n<meta property=\"og:site_name\" content=\"duda IT-consulting &amp; systems\" \/>\n<meta property=\"article:modified_time\" content=\"2019-01-13T18:46:54+00:00\" \/>\n<meta name=\"twitter:card\" content=\"summary_large_image\" \/>\n<meta name=\"twitter:label1\" content=\"Gesch\u00e4tzte Lesezeit\" \/>\n\t<meta name=\"twitter:data1\" content=\"3\u00a0Minuten\" \/>\n<script type=\"application\/ld+json\" class=\"yoast-schema-graph\">{\"@context\":\"https:\\\/\\\/schema.org\",\"@graph\":[{\"@type\":\"WebPage\",\"@id\":\"https:\\\/\\\/www.it-duda.com\\\/?page_id=17\",\"url\":\"https:\\\/\\\/www.it-duda.com\\\/?page_id=17\",\"name\":\"Datenschutz - duda IT-consulting &amp; systems\",\"isPartOf\":{\"@id\":\"https:\\\/\\\/www.it-duda.com\\\/#website\"},\"datePublished\":\"2019-01-02T14:53:22+00:00\",\"dateModified\":\"2019-01-13T18:46:54+00:00\",\"breadcrumb\":{\"@id\":\"https:\\\/\\\/www.it-duda.com\\\/?page_id=17#breadcrumb\"},\"inLanguage\":\"de\",\"potentialAction\":[{\"@type\":\"ReadAction\",\"target\":[\"https:\\\/\\\/www.it-duda.com\\\/?page_id=17\"]}]},{\"@type\":\"BreadcrumbList\",\"@id\":\"https:\\\/\\\/www.it-duda.com\\\/?page_id=17#breadcrumb\",\"itemListElement\":[{\"@type\":\"ListItem\",\"position\":1,\"name\":\"Startseite\",\"item\":\"https:\\\/\\\/www.it-duda.com\\\/\"},{\"@type\":\"ListItem\",\"position\":2,\"name\":\"Datenschutz\"}]},{\"@type\":\"WebSite\",\"@id\":\"https:\\\/\\\/www.it-duda.com\\\/#website\",\"url\":\"https:\\\/\\\/www.it-duda.com\\\/\",\"name\":\"duda IT-consulting &amp; systems\",\"description\":\"Partnerschaft von der Idee \u00fcber die Umsetzung bis hin zur t\u00e4glichen Betreuung\",\"potentialAction\":[{\"@type\":\"SearchAction\",\"target\":{\"@type\":\"EntryPoint\",\"urlTemplate\":\"https:\\\/\\\/www.it-duda.com\\\/?s={search_term_string}\"},\"query-input\":{\"@type\":\"PropertyValueSpecification\",\"valueRequired\":true,\"valueName\":\"search_term_string\"}}],\"inLanguage\":\"de\"}]}<\/script>\n<!-- \/ Yoast SEO plugin. -->","yoast_head_json":{"title":"Datenschutz - duda IT-consulting &amp; systems","robots":{"index":"index","follow":"follow","max-snippet":"max-snippet:-1","max-image-preview":"max-image-preview:large","max-video-preview":"max-video-preview:-1"},"canonical":"https:\/\/www.it-duda.com\/?page_id=17","og_locale":"de_DE","og_type":"article","og_title":"Datenschutz - duda IT-consulting &amp; systems","og_description":"Die Betreiber dieser Seiten nehmen den Schutz Ihrer pers\u00f6nlichen Daten sehr ernst. Wir behandeln Ihre personenbezogenen Daten vertraulich und entsprechend der gesetzlichen Datenschutzvorschriften sowie dieser Datenschutzerkl\u00e4rung. Die Nutzung unserer Webseite ist in der Regel ohne Angabe personenbezogener Daten m\u00f6glich. Soweit auf unseren Seiten personenbezogene Daten (beispielsweise Name, Anschrift oder E-Mail-Adressen) erhoben werden, erfolgt dies, soweit &hellip; \u201eDatenschutz\u201c weiterlesen","og_url":"https:\/\/www.it-duda.com\/?page_id=17","og_site_name":"duda IT-consulting &amp; systems","article_modified_time":"2019-01-13T18:46:54+00:00","twitter_card":"summary_large_image","twitter_misc":{"Gesch\u00e4tzte Lesezeit":"3\u00a0Minuten"},"schema":{"@context":"https:\/\/schema.org","@graph":[{"@type":"WebPage","@id":"https:\/\/www.it-duda.com\/?page_id=17","url":"https:\/\/www.it-duda.com\/?page_id=17","name":"Datenschutz - duda IT-consulting &amp; systems","isPartOf":{"@id":"https:\/\/www.it-duda.com\/#website"},"datePublished":"2019-01-02T14:53:22+00:00","dateModified":"2019-01-13T18:46:54+00:00","breadcrumb":{"@id":"https:\/\/www.it-duda.com\/?page_id=17#breadcrumb"},"inLanguage":"de","potentialAction":[{"@type":"ReadAction","target":["https:\/\/www.it-duda.com\/?page_id=17"]}]},{"@type":"BreadcrumbList","@id":"https:\/\/www.it-duda.com\/?page_id=17#breadcrumb","itemListElement":[{"@type":"ListItem","position":1,"name":"Startseite","item":"https:\/\/www.it-duda.com\/"},{"@type":"ListItem","position":2,"name":"Datenschutz"}]},{"@type":"WebSite","@id":"https:\/\/www.it-duda.com\/#website","url":"https:\/\/www.it-duda.com\/","name":"duda IT-consulting &amp; systems","description":"Partnerschaft von der Idee \u00fcber die Umsetzung bis hin zur t\u00e4glichen Betreuung","potentialAction":[{"@type":"SearchAction","target":{"@type":"EntryPoint","urlTemplate":"https:\/\/www.it-duda.com\/?s={search_term_string}"},"query-input":{"@type":"PropertyValueSpecification","valueRequired":true,"valueName":"search_term_string"}}],"inLanguage":"de"}]}},"_links":{"self":[{"href":"https:\/\/www.it-duda.com\/index.php?rest_route=\/wp\/v2\/pages\/17","targetHints":{"allow":["GET"]}}],"collection":[{"href":"https:\/\/www.it-duda.com\/index.php?rest_route=\/wp\/v2\/pages"}],"about":[{"href":"https:\/\/www.it-duda.com\/index.php?rest_route=\/wp\/v2\/types\/page"}],"author":[{"embeddable":true,"href":"https:\/\/www.it-duda.com\/index.php?rest_route=\/wp\/v2\/users\/1"}],"replies":[{"embeddable":true,"href":"https:\/\/www.it-duda.com\/index.php?rest_route=%2Fwp%2Fv2%2Fcomments&post=17"}],"version-history":[{"count":7,"href":"https:\/\/www.it-duda.com\/index.php?rest_route=\/wp\/v2\/pages\/17\/revisions"}],"predecessor-version":[{"id":180,"href":"https:\/\/www.it-duda.com\/index.php?rest_route=\/wp\/v2\/pages\/17\/revisions\/180"}],"wp:attachment":[{"href":"https:\/\/www.it-duda.com\/index.php?rest_route=%2Fwp%2Fv2%2Fmedia&parent=17"}],"curies":[{"name":"wp","href":"https:\/\/api.w.org\/{rel}","templated":true}]}}