{"id":18,"date":"2019-01-02T15:53:22","date_gmt":"2019-01-02T14:53:22","guid":{"rendered":"https:\/\/www.it-duda.com\/?page_id=18"},"modified":"2019-01-02T17:44:42","modified_gmt":"2019-01-02T16:44:42","slug":"impressum","status":"publish","type":"page","link":"https:\/\/www.it-duda.com\/?page_id=18","title":{"rendered":"Impressum"},"content":{"rendered":"\n<p><strong>Haftungsausschluss<\/strong> unserer Internetseiten<br><br>A. <strong>Inhalt<\/strong> unseres Online gezeigten Angebotes<br>Der Betreiber oder Autor und seine ausf\u00fchrenden Organe \u00fcbernehmen keinerlei Gew\u00e4hr f\u00fcr die Aktualit\u00e4t, Richtigkeit, Vollst\u00e4ndigkeit oder Qualit\u00e4t jeglicher Informationen der hier zu sehenden Seiten. Haftungsanspr\u00fcche gegen den Betreiber oder Autor, die sich auf jedwede Sch\u00e4den beziehen, welche durch die Nutzung des gezeigten Informationsmaterial bzw. durch die Nutzung fehlerhafter und unvollst\u00e4ndiger Informationen verursacht wurden sind ausgeschlossen. Alle Angebote sind freibleibend und unverbindlich. Der Autor beh\u00e4lt sich ausdr\u00fccklich das Recht vor, Teile der Seiten oder das gesamte Angebot ohne vorherige Ank\u00fcndigung zu ver\u00e4ndern, zu erg\u00e4nzen, zu l\u00f6schen oder die Ver\u00f6ffentlichung einzustellen.<br><br>B. <strong>Links<\/strong> (Verweise)<br>Sofern auf Links verwiesen oder aufmerksam gemacht wird, die au\u00dferhalb der Verantwortung und Zugriffsbereichs des Betreibers oder Autors liegen, haftet dieser nur , wenn er von den Inhalten genauere Kenntnis hat und es ihm technisch \u00fcberhaupt m\u00f6glich und zumutbar w\u00e4re, die Nutzung bei rechtswidrigen Inhalten zu verhindern. F\u00fcr dar\u00fcber hinausgehende Inhalte und insbesondere f\u00fcr Sch\u00e4den, die aus der Nutzung solcher art dargebotener Informationen und Angebote entstehen, haftet allein der Betreiber der Seite, auf welche hingewiesen wurde, nicht jedoch die Firma Duda IT-Consulting &amp; Systems und derjenige, der \u00fcber Links auf die jeweilige Ver\u00f6ffentlichung nur verweist. Diese Einschr\u00e4nkung gilt gleicherma\u00dfen auch f\u00fcr fremde Eintr\u00e4ge in vom Betreiber und Autor eingerichteten Partnerprogrammen, G\u00e4steb\u00fcchern, Diskussionsforen, Mailinglisten, Suchmaschinen und Linklisten und allen weiteren Programmen die eine fremde Information ersichtlich machen. Mit dem Urteil vom 12. Mai 1998 hat das Landgericht Hamburg entschieden, dass man durch die Ausbringung eines Links die Inhalte der gelinkten Seite ggf. mit zu verantworten hat. Dies kann, so das LG, nur dadurch verhindert werden, dass man sich ausdr\u00fccklich von diesen Inhalten distanziert. Wir habe auf unseren Seiten Links zu anderen Seiten im Internet gelegt. F\u00fcr alle diese Links gilt: Die Firma Duda IT-Consulting &amp; Systems erkl\u00e4rt ausdr\u00fccklich, dass es keinerlei Einfluss auf die Gestaltung und die Inhalte der gelinkten Seiten hat. Deshalb distanzieren wir uns hiermit ausdr\u00fccklich von allen Inhalten aller gelinkten Seiten auf dieser Internetpr\u00e4senz und macht uns diese Inhalte nicht zu Eigen. Diese Erkl\u00e4rung gilt f\u00fcr alle auf dieser Homepage angezeigten Links und f\u00fcr alle Inhalte der Seiten, zu denen die auf dieser Homepage angemeldeten Banner und Links f\u00fchren.<br><br>C. <strong>Urheberrecht<\/strong><br>Der Betreiber und Autor versucht, in allen Ver\u00f6ffentlichungen die Urheberrechte der gezeigten und benutzten Grafiken, Tondokumente, Videosequenzen und Texte zu beachten, von ihm selbst entwickelte Grafiken, Tondokumente, Videosequenzen und Texte zu benutzen oder auf lizenzfreie Grafiken, Tondokumente, Videosequenzen und Texte zur\u00fcckzugreifen. Das Copyright f\u00fcr ver\u00f6ffentlichte, vom Autor selbst erstellte Objekte bleibt allein beim Betreiber oder Autor der Seiten. Eine Vervielf\u00e4ltigung oder Verwendung solcher Grafiken, Tondokumente, Videosequenzen und Texte in anderen elektronischen oder gedruckten Ver\u00f6ffentlichungen ist ohne ausdr\u00fcckliche Zustimmung des Betreibers oder Autors nicht gestattet. <br> Alle innerhalb des Internetangebotes genannten und ggf. durch Dritte gesch\u00fctzten Marken- und Warenzeichen unterliegen uneingeschr\u00e4nkt den Bestimmungen des jeweils g\u00fcltigen Kennzeichenrechts und den Besitzrechten der jeweiligen eingetragenen Eigent\u00fcmer. Allein aufgrund der blo\u00dfen Nennung ist nicht der Schluss zu ziehen, dass Markenzeichen nicht durch Rechte Dritter gesch\u00fctzt sind! <br><br>D. <strong>Rechtswirksamkeit<\/strong> dieses Haftungsausschlusses unserer Internetseiten<br>Sofern Teile oder einzelne Formulierungen dieses Textes der geltenden Rechtslage nicht, nicht mehr oder nicht vollst\u00e4ndig entsprechen sollten, bleiben die \u00fcbrigen Teile des Dokumentes in ihrem Inhalt und ihrer G\u00fcltigkeit davon unber\u00fchrt. <\/p>\n","protected":false},"excerpt":{"rendered":"<p>Haftungsausschluss unserer Internetseiten A. Inhalt unseres Online gezeigten AngebotesDer Betreiber oder Autor und seine ausf\u00fchrenden Organe \u00fcbernehmen keinerlei Gew\u00e4hr f\u00fcr die Aktualit\u00e4t, Richtigkeit, Vollst\u00e4ndigkeit oder Qualit\u00e4t jeglicher Informationen der hier zu sehenden Seiten. Haftungsanspr\u00fcche gegen den Betreiber oder Autor, die sich auf jedwede Sch\u00e4den beziehen, welche durch die Nutzung des gezeigten Informationsmaterial bzw. durch die &hellip; <\/p>\n<p class=\"link-more\"><a href=\"https:\/\/www.it-duda.com\/?page_id=18\" class=\"more-link\"><span class=\"screen-reader-text\">\u201eImpressum\u201c<\/span> weiterlesen<\/a><\/p>\n","protected":false},"author":1,"featured_media":0,"parent":0,"menu_order":0,"comment_status":"closed","ping_status":"closed","template":"","meta":{"footnotes":""},"class_list":["post-18","page","type-page","status-publish","hentry"],"yoast_head":"<!-- This site is optimized with the Yoast SEO plugin v27.5 - https:\/\/yoast.com\/product\/yoast-seo-wordpress\/ -->\n<title>Impressum - duda IT-consulting &amp; systems<\/title>\n<meta name=\"robots\" content=\"index, follow, max-snippet:-1, max-image-preview:large, max-video-preview:-1\" \/>\n<link rel=\"canonical\" href=\"https:\/\/www.it-duda.com\/?page_id=18\" \/>\n<meta property=\"og:locale\" content=\"de_DE\" \/>\n<meta property=\"og:type\" content=\"article\" \/>\n<meta property=\"og:title\" content=\"Impressum - duda IT-consulting &amp; systems\" \/>\n<meta property=\"og:description\" content=\"Haftungsausschluss unserer Internetseiten A. Inhalt unseres Online gezeigten AngebotesDer Betreiber oder Autor und seine ausf\u00fchrenden Organe \u00fcbernehmen keinerlei Gew\u00e4hr f\u00fcr die Aktualit\u00e4t, Richtigkeit, Vollst\u00e4ndigkeit oder Qualit\u00e4t jeglicher Informationen der hier zu sehenden Seiten. Haftungsanspr\u00fcche gegen den Betreiber oder Autor, die sich auf jedwede Sch\u00e4den beziehen, welche durch die Nutzung des gezeigten Informationsmaterial bzw. durch die &hellip; \u201eImpressum\u201c weiterlesen\" \/>\n<meta property=\"og:url\" content=\"https:\/\/www.it-duda.com\/?page_id=18\" \/>\n<meta property=\"og:site_name\" content=\"duda IT-consulting &amp; systems\" \/>\n<meta property=\"article:modified_time\" content=\"2019-01-02T16:44:42+00:00\" \/>\n<meta name=\"twitter:card\" content=\"summary_large_image\" \/>\n<meta name=\"twitter:label1\" content=\"Gesch\u00e4tzte Lesezeit\" \/>\n\t<meta name=\"twitter:data1\" content=\"3\u00a0Minuten\" \/>\n<script type=\"application\/ld+json\" class=\"yoast-schema-graph\">{\"@context\":\"https:\\\/\\\/schema.org\",\"@graph\":[{\"@type\":\"WebPage\",\"@id\":\"https:\\\/\\\/www.it-duda.com\\\/?page_id=18\",\"url\":\"https:\\\/\\\/www.it-duda.com\\\/?page_id=18\",\"name\":\"Impressum - duda IT-consulting &amp; systems\",\"isPartOf\":{\"@id\":\"https:\\\/\\\/www.it-duda.com\\\/#website\"},\"datePublished\":\"2019-01-02T14:53:22+00:00\",\"dateModified\":\"2019-01-02T16:44:42+00:00\",\"breadcrumb\":{\"@id\":\"https:\\\/\\\/www.it-duda.com\\\/?page_id=18#breadcrumb\"},\"inLanguage\":\"de\",\"potentialAction\":[{\"@type\":\"ReadAction\",\"target\":[\"https:\\\/\\\/www.it-duda.com\\\/?page_id=18\"]}]},{\"@type\":\"BreadcrumbList\",\"@id\":\"https:\\\/\\\/www.it-duda.com\\\/?page_id=18#breadcrumb\",\"itemListElement\":[{\"@type\":\"ListItem\",\"position\":1,\"name\":\"Startseite\",\"item\":\"https:\\\/\\\/www.it-duda.com\\\/\"},{\"@type\":\"ListItem\",\"position\":2,\"name\":\"Impressum\"}]},{\"@type\":\"WebSite\",\"@id\":\"https:\\\/\\\/www.it-duda.com\\\/#website\",\"url\":\"https:\\\/\\\/www.it-duda.com\\\/\",\"name\":\"duda IT-consulting &amp; systems\",\"description\":\"Partnerschaft von der Idee \u00fcber die Umsetzung bis hin zur t\u00e4glichen Betreuung\",\"potentialAction\":[{\"@type\":\"SearchAction\",\"target\":{\"@type\":\"EntryPoint\",\"urlTemplate\":\"https:\\\/\\\/www.it-duda.com\\\/?s={search_term_string}\"},\"query-input\":{\"@type\":\"PropertyValueSpecification\",\"valueRequired\":true,\"valueName\":\"search_term_string\"}}],\"inLanguage\":\"de\"}]}<\/script>\n<!-- \/ Yoast SEO plugin. -->","yoast_head_json":{"title":"Impressum - duda IT-consulting &amp; systems","robots":{"index":"index","follow":"follow","max-snippet":"max-snippet:-1","max-image-preview":"max-image-preview:large","max-video-preview":"max-video-preview:-1"},"canonical":"https:\/\/www.it-duda.com\/?page_id=18","og_locale":"de_DE","og_type":"article","og_title":"Impressum - duda IT-consulting &amp; systems","og_description":"Haftungsausschluss unserer Internetseiten A. Inhalt unseres Online gezeigten AngebotesDer Betreiber oder Autor und seine ausf\u00fchrenden Organe \u00fcbernehmen keinerlei Gew\u00e4hr f\u00fcr die Aktualit\u00e4t, Richtigkeit, Vollst\u00e4ndigkeit oder Qualit\u00e4t jeglicher Informationen der hier zu sehenden Seiten. Haftungsanspr\u00fcche gegen den Betreiber oder Autor, die sich auf jedwede Sch\u00e4den beziehen, welche durch die Nutzung des gezeigten Informationsmaterial bzw. durch die &hellip; \u201eImpressum\u201c weiterlesen","og_url":"https:\/\/www.it-duda.com\/?page_id=18","og_site_name":"duda IT-consulting &amp; systems","article_modified_time":"2019-01-02T16:44:42+00:00","twitter_card":"summary_large_image","twitter_misc":{"Gesch\u00e4tzte Lesezeit":"3\u00a0Minuten"},"schema":{"@context":"https:\/\/schema.org","@graph":[{"@type":"WebPage","@id":"https:\/\/www.it-duda.com\/?page_id=18","url":"https:\/\/www.it-duda.com\/?page_id=18","name":"Impressum - duda IT-consulting &amp; systems","isPartOf":{"@id":"https:\/\/www.it-duda.com\/#website"},"datePublished":"2019-01-02T14:53:22+00:00","dateModified":"2019-01-02T16:44:42+00:00","breadcrumb":{"@id":"https:\/\/www.it-duda.com\/?page_id=18#breadcrumb"},"inLanguage":"de","potentialAction":[{"@type":"ReadAction","target":["https:\/\/www.it-duda.com\/?page_id=18"]}]},{"@type":"BreadcrumbList","@id":"https:\/\/www.it-duda.com\/?page_id=18#breadcrumb","itemListElement":[{"@type":"ListItem","position":1,"name":"Startseite","item":"https:\/\/www.it-duda.com\/"},{"@type":"ListItem","position":2,"name":"Impressum"}]},{"@type":"WebSite","@id":"https:\/\/www.it-duda.com\/#website","url":"https:\/\/www.it-duda.com\/","name":"duda IT-consulting &amp; systems","description":"Partnerschaft von der Idee \u00fcber die Umsetzung bis hin zur t\u00e4glichen Betreuung","potentialAction":[{"@type":"SearchAction","target":{"@type":"EntryPoint","urlTemplate":"https:\/\/www.it-duda.com\/?s={search_term_string}"},"query-input":{"@type":"PropertyValueSpecification","valueRequired":true,"valueName":"search_term_string"}}],"inLanguage":"de"}]}},"_links":{"self":[{"href":"https:\/\/www.it-duda.com\/index.php?rest_route=\/wp\/v2\/pages\/18","targetHints":{"allow":["GET"]}}],"collection":[{"href":"https:\/\/www.it-duda.com\/index.php?rest_route=\/wp\/v2\/pages"}],"about":[{"href":"https:\/\/www.it-duda.com\/index.php?rest_route=\/wp\/v2\/types\/page"}],"author":[{"embeddable":true,"href":"https:\/\/www.it-duda.com\/index.php?rest_route=\/wp\/v2\/users\/1"}],"replies":[{"embeddable":true,"href":"https:\/\/www.it-duda.com\/index.php?rest_route=%2Fwp%2Fv2%2Fcomments&post=18"}],"version-history":[{"count":3,"href":"https:\/\/www.it-duda.com\/index.php?rest_route=\/wp\/v2\/pages\/18\/revisions"}],"predecessor-version":[{"id":96,"href":"https:\/\/www.it-duda.com\/index.php?rest_route=\/wp\/v2\/pages\/18\/revisions\/96"}],"wp:attachment":[{"href":"https:\/\/www.it-duda.com\/index.php?rest_route=%2Fwp%2Fv2%2Fmedia&parent=18"}],"curies":[{"name":"wp","href":"https:\/\/api.w.org\/{rel}","templated":true}]}}